{"id":19,"date":"2026-03-27T16:17:44","date_gmt":"2026-03-27T15:17:44","guid":{"rendered":"https:\/\/amsolutec.giize.com\/?page_id=19"},"modified":"2026-03-27T16:17:44","modified_gmt":"2026-03-27T15:17:44","slug":"donacion-fallida","status":"publish","type":"page","link":"https:\/\/amsolutec.giize.com\/?page_id=19","title":{"rendered":"Donaci\u00f3n fallida"},"content":{"rendered":"<p>Lo sentimos, tu donaci\u00f3n ha fallado al procesarse. Por favor, int\u00e9ntalo de nuevo o contacta con el soporte del sitio.<\/p>\n","protected":false},"excerpt":{"rendered":"<p>Lo sentimos, tu donaci\u00f3n ha fallado al procesarse. Por favor, int\u00e9ntalo de nuevo o contacta con el soporte del sitio.<\/p>\n","protected":false},"author":1,"featured_media":0,"parent":0,"menu_order":0,"comment_status":"closed","ping_status":"closed","template":"","meta":{"give_campaign_id":0,"footnotes":""},"class_list":["post-19","page","type-page","status-publish","hentry","description-off"],"campaignId":"","_links":{"self":[{"href":"https:\/\/amsolutec.giize.com\/index.php?rest_route=\/wp\/v2\/pages\/19","targetHints":{"allow":["GET"]}}],"collection":[{"href":"https:\/\/amsolutec.giize.com\/index.php?rest_route=\/wp\/v2\/pages"}],"about":[{"href":"https:\/\/amsolutec.giize.com\/index.php?rest_route=\/wp\/v2\/types\/page"}],"author":[{"embeddable":true,"href":"https:\/\/amsolutec.giize.com\/index.php?rest_route=\/wp\/v2\/users\/1"}],"replies":[{"embeddable":true,"href":"https:\/\/amsolutec.giize.com\/index.php?rest_route=%2Fwp%2Fv2%2Fcomments&post=19"}],"version-history":[{"count":0,"href":"https:\/\/amsolutec.giize.com\/index.php?rest_route=\/wp\/v2\/pages\/19\/revisions"}],"wp:attachment":[{"href":"https:\/\/amsolutec.giize.com\/index.php?rest_route=%2Fwp%2Fv2%2Fmedia&parent=19"}],"curies":[{"name":"wp","href":"https:\/\/api.w.org\/{rel}","templated":true}]}}