{"id":32,"date":"2026-03-27T16:19:31","date_gmt":"2026-03-27T15:19:31","guid":{"rendered":"https:\/\/amsolutec.giize.com\/?page_id=32"},"modified":"2026-03-27T16:19:31","modified_gmt":"2026-03-27T15:19:31","slug":"mi-cuenta-2","status":"publish","type":"page","link":"https:\/\/amsolutec.giize.com\/?page_id=32","title":{"rendered":"Mi cuenta"},"content":{"rendered":"\t\t<div class=\"mphb_sc_account\">\n\t\t\t\t\t\t<div class=\"mphb-account-content\">\n\t\t\t\t\t\t\t\t\t\t\t\t\t\t\t<div class=\"mphb-login-form\">\n\t\t\t\t<form name=\"loginform\" id=\"loginform\" action=\"https:\/\/amsolutec.giize.com\/wp-login.php\" method=\"post\"><p class=\"login-username\">\n\t\t\t\t<label for=\"user_login\">Nombre de usuario o correo electr\u00f3nico<\/label>\n\t\t\t\t<input type=\"text\" name=\"log\" id=\"user_login\" autocomplete=\"username\" class=\"input\" value=\"\" size=\"20\" \/>\n\t\t\t<\/p><p class=\"login-password\">\n\t\t\t\t<label for=\"user_pass\">Contrase\u00f1a<\/label>\n\t\t\t\t<input type=\"password\" name=\"pwd\" id=\"user_pass\" autocomplete=\"current-password\" spellcheck=\"false\" class=\"input\" value=\"\" size=\"20\" \/>\n\t\t\t<\/p><p class=\"login-remember\"><label><input name=\"rememberme\" type=\"checkbox\" id=\"rememberme\" value=\"forever\" \/> Recu\u00e9rdame<\/label><\/p><p class=\"login-submit\">\n\t\t\t\t<input type=\"submit\" name=\"wp-submit\" id=\"wp-submit\" class=\"button button-primary\" value=\"Acceder\" \/>\n\t\t\t\t<input type=\"hidden\" name=\"redirect_to\" value=\"https:\/\/amsolutec.giize.com\/index.php?rest_route=%2Fwp%2Fv2%2Fpages%2F32\" \/>\n\t\t\t<\/p><\/form>\t\t\t\t<a href=\"https:\/\/amsolutec.giize.com\/?page_id=9&#038;lost-password\">Lost your password?<\/a>\n\t\t\t<\/div>\n\t\t\t\t\t\t\t\t\t\t<\/div>\n\t\t<\/div>\n\t\t\n","protected":false},"excerpt":{"rendered":"<p>Nombre de usuario o correo electr\u00f3nico Contrase\u00f1a Recu\u00e9rdame Lost your password?<\/p>\n","protected":false},"author":1,"featured_media":0,"parent":0,"menu_order":0,"comment_status":"closed","ping_status":"closed","template":"","meta":{"give_campaign_id":0,"footnotes":""},"class_list":["post-32","page","type-page","status-publish","hentry","description-off"],"campaignId":"","_links":{"self":[{"href":"https:\/\/amsolutec.giize.com\/index.php?rest_route=\/wp\/v2\/pages\/32","targetHints":{"allow":["GET"]}}],"collection":[{"href":"https:\/\/amsolutec.giize.com\/index.php?rest_route=\/wp\/v2\/pages"}],"about":[{"href":"https:\/\/amsolutec.giize.com\/index.php?rest_route=\/wp\/v2\/types\/page"}],"author":[{"embeddable":true,"href":"https:\/\/amsolutec.giize.com\/index.php?rest_route=\/wp\/v2\/users\/1"}],"replies":[{"embeddable":true,"href":"https:\/\/amsolutec.giize.com\/index.php?rest_route=%2Fwp%2Fv2%2Fcomments&post=32"}],"version-history":[{"count":0,"href":"https:\/\/amsolutec.giize.com\/index.php?rest_route=\/wp\/v2\/pages\/32\/revisions"}],"wp:attachment":[{"href":"https:\/\/amsolutec.giize.com\/index.php?rest_route=%2Fwp%2Fv2%2Fmedia&parent=32"}],"curies":[{"name":"wp","href":"https:\/\/api.w.org\/{rel}","templated":true}]}}